{"id":81858,"date":"2021-06-17T16:59:06","date_gmt":"2021-06-17T19:59:06","guid":{"rendered":"https:\/\/greenplat.com\/?page_id=81858"},"modified":"2021-06-17T16:59:15","modified_gmt":"2021-06-17T19:59:15","slug":"success-cases-renault","status":"publish","type":"page","link":"https:\/\/greenplat.com\/en\/success-cases-renault\/","title":{"rendered":"Success Cases: Renault"},"content":{"rendered":"<div class=\"wpb-content-wrapper\"><p>[vc_row row_height_percent=&#8221;0&#8243; override_padding=&#8221;yes&#8221; h_padding=&#8221;2&#8243; top_padding=&#8221;2&#8243; bottom_padding=&#8221;1&#8243; overlay_alpha=&#8221;50&#8243; equal_height=&#8221;yes&#8221; gutter_size=&#8221;3&#8243; column_width_percent=&#8221;100&#8243; shift_y=&#8221;0&#8243; z_index=&#8221;0&#8243;][vc_column column_width_percent=&#8221;100&#8243; align_horizontal=&#8221;align_center&#8221; gutter_size=&#8221;3&#8243; overlay_alpha=&#8221;50&#8243; shift_x=&#8221;0&#8243; shift_y=&#8221;0&#8243; shift_y_down=&#8221;0&#8243; z_index=&#8221;0&#8243; medium_width=&#8221;0&#8243; mobile_width=&#8221;0&#8243; css_animation=&#8221;bottom-t-top&#8221; animation_delay=&#8221;100&#8243; width=&#8221;1\/1&#8243;][vc_custom_heading 1=&#8221;style=&#8220;&#8220;color:&#8221; 2=&#8221;#000000;&#8220;&gt;&#8221; 3=&#8221;A&#8221; 4=&#8221;PlataformaVerde\u2122&#8221; 5=&#8221;possui&#8221; 6=&#8221;diversos&#8221; 7=&#8221;m\u00f3dulos.&#8221; 8=&#8221;Conhe\u00e7a&#8221; 9=&#8221;alguns&#8221; 10=&#8221;deles:&#8221; 11=&#8221;&#8220;&#8221; text_font=&#8221;font-329340&#8243; text_size=&#8221;fontsize-155944&#8243; text_weight=&#8221;300&#8243; text_height=&#8221;fontheight-357766&#8243; text_space=&#8221;fontspace-781688&#8243; text_color=&#8221;color-jevc&#8221; separator=&#8221;yes&#8221; separator_color=&#8221;yes&#8221; sub_lead=&#8221;yes&#8221;]<\/p>\n<div style=\"text-align: center;\">How to make production in the<\/div>\n<div style=\"text-align: center;\">Automotive Industry sustainable<\/div>\n<p>[\/vc_custom_heading][vc_empty_space empty_h=&#8221;1&#8243;][\/vc_column][\/vc_row][vc_row row_height_percent=&#8221;0&#8243; overlay_alpha=&#8221;50&#8243; gutter_size=&#8221;4&#8243; column_width_percent=&#8221;100&#8243; shift_y=&#8221;0&#8243; z_index=&#8221;0&#8243;][vc_column column_width_percent=&#8221;100&#8243; align_horizontal=&#8221;align_center&#8221; gutter_size=&#8221;3&#8243; overlay_alpha=&#8221;50&#8243; shift_x=&#8221;0&#8243; shift_y=&#8221;0&#8243; shift_y_down=&#8221;0&#8243; z_index=&#8221;0&#8243; medium_width=&#8221;0&#8243; mobile_width=&#8221;0&#8243; width=&#8221;1\/3&#8243;][vc_single_image media=&#8221;80960&#8243; media_width_percent=&#8221;100&#8243; css_animation=&#8221;bottom-t-top&#8221; animation_delay=&#8221;100&#8243;][vc_custom_heading text_font=&#8221;font-329340&#8243; text_size=&#8221;h3&#8243; text_weight=&#8221;700&#8243; text_transform=&#8221;uppercase&#8221; text_height=&#8221;fontheight-578034&#8243; text_color=&#8221;color-360515&#8243; sub_reduced=&#8221;yes&#8221; css_animation=&#8221;zoom-in&#8221; animation_delay=&#8221;100&#8243; subheading=&#8221;Renault do Brasil S.A&#8221;]Company[\/vc_custom_heading][vc_separator sep_color=&#8221;color-360515&#8243; css_animation=&#8221;alpha-anim&#8221; animation_delay=&#8221;100&#8243; el_width=&#8221;200px&#8221;][vc_custom_heading text_font=&#8221;font-329340&#8243; text_size=&#8221;h3&#8243; text_weight=&#8221;700&#8243; text_transform=&#8221;uppercase&#8221; text_height=&#8221;fontheight-578034&#8243; text_color=&#8221;color-360515&#8243; sub_reduced=&#8221;yes&#8221; css_animation=&#8221;zoom-in&#8221; animation_delay=&#8221;100&#8243; subheading=&#8221;290,000 vehicles manufactured in 2018&#8243;]Information[\/vc_custom_heading][vc_separator sep_color=&#8221;color-360515&#8243; css_animation=&#8221;alpha-anim&#8221; animation_delay=&#8221;100&#8243; el_width=&#8221;200px&#8221;][vc_custom_heading text_font=&#8221;font-329340&#8243; text_size=&#8221;h3&#8243; text_weight=&#8221;700&#8243; text_transform=&#8221;uppercase&#8221; text_height=&#8221;fontheight-578034&#8243; text_color=&#8221;color-360515&#8243; sub_reduced=&#8221;yes&#8221; css_animation=&#8221;zoom-in&#8221; animation_delay=&#8221;100&#8243; subheading=&#8221;2016&#8243;]CUSTOMERS SINCE[\/vc_custom_heading][vc_separator sep_color=&#8221;color-360515&#8243; css_animation=&#8221;alpha-anim&#8221; animation_delay=&#8221;100&#8243; el_width=&#8221;200px&#8221;][vc_custom_heading text_font=&#8221;font-329340&#8243; text_size=&#8221;h3&#8243; text_weight=&#8221;700&#8243; text_transform=&#8221;uppercase&#8221; text_height=&#8221;fontheight-578034&#8243; text_color=&#8221;color-360515&#8243; sub_reduced=&#8221;yes&#8221; css_animation=&#8221;zoom-in&#8221; animation_delay=&#8221;100&#8243; subheading=&#8221;Internal Management and Generator Modules&#8221;]Solution [\/vc_custom_heading][vc_separator sep_color=&#8221;color-360515&#8243; css_animation=&#8221;alpha-anim&#8221; animation_delay=&#8221;100&#8243; el_width=&#8221;200px&#8221;][vc_custom_heading text_font=&#8221;font-329340&#8243; text_size=&#8221;h3&#8243; text_weight=&#8221;700&#8243; text_transform=&#8221;uppercase&#8221; text_height=&#8221;fontheight-578034&#8243; text_color=&#8221;color-360515&#8243; sub_reduced=&#8221;yes&#8221; css_animation=&#8221;zoom-in&#8221; animation_delay=&#8221;100&#8243; subheading=&#8221;Presentation of data for audits;<br \/>\nDecentralized data;<br \/>\nDecision making with retroactive data.&#8221;]Challenges[\/vc_custom_heading][vc_separator sep_color=&#8221;color-360515&#8243; css_animation=&#8221;alpha-anim&#8221; animation_delay=&#8221;200&#8243; el_width=&#8221;200px&#8221;][vc_custom_heading text_font=&#8221;font-329340&#8243; text_size=&#8221;h3&#8243; text_weight=&#8221;700&#8243; text_transform=&#8221;uppercase&#8221; text_height=&#8221;fontheight-578034&#8243; text_color=&#8221;color-360515&#8243; sub_reduced=&#8221;yes&#8221; css_animation=&#8221;zoom-in&#8221; animation_delay=&#8221;200&#8243; subheading=&#8221;<strong>An\u00e1lise preditiva de dados;<br \/>\nRedu\u00e7\u00e3o de custos;<br \/>\nRelat\u00f3rio e indicadores em tempo real;<br \/>\nSeguran\u00e7a dos dados em auditoria.<\/strong>&#8220;]Gains[\/vc_custom_heading][\/vc_column][vc_column column_width_percent=&#8221;100&#8243; align_horizontal=&#8221;align_center&#8221; gutter_size=&#8221;3&#8243; overlay_alpha=&#8221;50&#8243; shift_x=&#8221;0&#8243; shift_y=&#8221;0&#8243; shift_y_down=&#8221;0&#8243; z_index=&#8221;0&#8243; medium_width=&#8221;0&#8243; mobile_width=&#8221;0&#8243; width=&#8221;2\/3&#8243;][vc_custom_heading heading_semantic=&#8221;div&#8221; text_font=&#8221;font-329340&#8243; text_size=&#8221;h3&#8243; text_weight=&#8221;600&#8243; text_transform=&#8221;uppercase&#8221; text_height=&#8221;fontheight-357766&#8243; text_space=&#8221;fontspace-781688&#8243; text_color=&#8221;color-360515&#8243; css_animation=&#8221;bottom-t-top&#8221; animation_delay=&#8221;100&#8243;]<\/p>\n<p style=\"text-align: center;\">Increased efficiency in waste management<\/p>\n<p>[\/vc_custom_heading][vc_row_inner limit_content=&#8221;&#8221;][vc_column_inner column_width_percent=&#8221;100&#8243; gutter_size=&#8221;3&#8243; overlay_alpha=&#8221;50&#8243; shift_x=&#8221;0&#8243; shift_y=&#8221;0&#8243; shift_y_down=&#8221;0&#8243; z_index=&#8221;0&#8243; medium_width=&#8221;0&#8243; mobile_width=&#8221;0&#8243; css_animation=&#8221;bottom-t-top&#8221; animation_delay=&#8221;100&#8243; width=&#8221;1\/1&#8243;][vc_column_text]<\/p>\n<div align=\"justify\">\n<p><span class=\"font-329340\" style=\"font-size: 18px;\"><strong>Renault <\/strong>had a great challenge in understanding and centralizing data on the <strong>generation of waste<\/strong> in its production process, which caused difficulties in auditing processes. Data were only analyzed after more than a month, that is, actions and decision-making were carried out based on data and information from the past.<\/span><\/p>\n<p><span class=\"font-329340\" style=\"font-size: 18px;\"><strong style=\"color: #008f37;\">GreenPlat<\/strong>\u2122 developed a solution to meet Renault&#8217;s main needs. We systematized and automated all the reports and data that Renault manually recorded in spreadsheets. From this project, the generator module and the main reporting functionalities (real-time data) emerged. As the Platform is collaborative, the project is a continuous improvement process, in which we work daily with Renault to implement new improvements that arise with the use of the solution.<\/span><\/p>\n<p><span class=\"font-329340\" style=\"font-size: 18px;\">With the use of the Platform, Renault achieved a <strong>significant improvement in the efficiency<\/strong> of its process. The Platform helped to internalize the waste management process, <strong>reducing costs<\/strong> and <strong>optimizing the operation<\/strong>, centralizing all data and documents needed in a single <strong>responsive platform<\/strong> that stores all data in the cloud without the need for investment and infrastructure. With real-time data, the industry can identify management opportunities and quickly take action based on what&#8217;s happening, looking to the future.<\/span><\/p>\n<\/div>\n<p>[\/vc_column_text][\/vc_column_inner][\/vc_row_inner][vc_empty_space empty_h=&#8221;2&#8243;][vc_row_inner limit_content=&#8221;&#8221;][vc_column_inner column_width_percent=&#8221;100&#8243; align_horizontal=&#8221;align_right&#8221; gutter_size=&#8221;3&#8243; overlay_alpha=&#8221;50&#8243; shift_x=&#8221;0&#8243; shift_y=&#8221;0&#8243; shift_y_down=&#8221;0&#8243; z_index=&#8221;0&#8243; medium_width=&#8221;0&#8243; mobile_width=&#8221;0&#8243; css_animation=&#8221;bottom-t-top&#8221; animation_delay=&#8221;100&#8243; width=&#8221;1\/1&#8243;][vc_custom_heading text_font=&#8221;font-329340&#8243; text_size=&#8221;h3&#8243; text_weight=&#8221;500&#8243; text_color=&#8221;color-360515&#8243; subheading=&#8221;<em>Rafael Mattos<br \/>\nSupervisor de Meio Ambiente na Groupe Renault<\/em>&#8220;]&#8221;Vemos a prova da efic\u00e1cia do sistema pelas auditorias. Em alguns cliques, \u00e9 poss\u00edvel acessar toda a documenta\u00e7\u00e3o necess\u00e1ria. Com o Excel, as informa\u00e7\u00f5es ficavam perdidas e desconexas. Com a PlataformaVerde, passamos seguran\u00e7a para o auditor.&#8221;[\/vc_custom_heading][\/vc_column_inner][\/vc_row_inner][\/vc_column][\/vc_row][vc_row][vc_column width=&#8221;1\/1&#8243;][vc_empty_space empty_h=&#8221;0&#8221;][\/vc_column][\/vc_row]<\/p>\n<\/div>","protected":false},"excerpt":{"rendered":"<p>[vc_row row_height_percent=&#8221;0&#8243; override_padding=&#8221;yes&#8221; h_padding=&#8221;2&#8243; top_padding=&#8221;2&#8243; bottom_padding=&#8221;1&#8243; overlay_alpha=&#8221;50&#8243; equal_height=&#8221;yes&#8221; gutter_size=&#8221;3&#8243; column_width_percent=&#8221;100&#8243; shift_y=&#8221;0&#8243; z_index=&#8221;0&#8243;][vc_column column_width_percent=&#8221;100&#8243; align_horizontal=&#8221;align_center&#8221; gutter_size=&#8221;3&#8243; overlay_alpha=&#8221;50&#8243; shift_x=&#8221;0&#8243; shift_y=&#8221;0&#8243; shift_y_down=&#8221;0&#8243; z_index=&#8221;0&#8243; [&hellip;]<\/p>\n","protected":false},"author":7,"featured_media":0,"parent":0,"menu_order":0,"comment_status":"closed","ping_status":"closed","template":"","meta":{"footnotes":""},"yoast_head":"<!-- This site is optimized with the Yoast SEO plugin v23.0 - https:\/\/yoast.com\/wordpress\/plugins\/seo\/ -->\n<title>Success Cases: Renault - GreenPlat\u2122<\/title>\n<meta name=\"robots\" content=\"index, follow, max-snippet:-1, max-image-preview:large, max-video-preview:-1\" \/>\n<link rel=\"canonical\" href=\"https:\/\/greenplat.com\/en\/success-cases-renault\/\" \/>\n<meta property=\"og:locale\" content=\"en_US\" \/>\n<meta property=\"og:type\" content=\"article\" \/>\n<meta property=\"og:title\" content=\"Success Cases: Renault - GreenPlat\u2122\" \/>\n<meta property=\"og:description\" content=\"[vc_row row_height_percent=&#8221;0&#8243; override_padding=&#8221;yes&#8221; h_padding=&#8221;2&#8243; top_padding=&#8221;2&#8243; bottom_padding=&#8221;1&#8243; overlay_alpha=&#8221;50&#8243; equal_height=&#8221;yes&#8221; gutter_size=&#8221;3&#8243; column_width_percent=&#8221;100&#8243; shift_y=&#8221;0&#8243; z_index=&#8221;0&#8243;][vc_column column_width_percent=&#8221;100&#8243; align_horizontal=&#8221;align_center&#8221; gutter_size=&#8221;3&#8243; overlay_alpha=&#8221;50&#8243; shift_x=&#8221;0&#8243; shift_y=&#8221;0&#8243; shift_y_down=&#8221;0&#8243; z_index=&#8221;0&#8243; [&hellip;]\" \/>\n<meta property=\"og:url\" content=\"https:\/\/greenplat.com\/en\/success-cases-renault\/\" \/>\n<meta property=\"og:site_name\" content=\"GreenPlat\u2122\" \/>\n<meta property=\"article:publisher\" content=\"https:\/\/pt-br.facebook.com\/GreenPlat\/\" \/>\n<meta property=\"article:modified_time\" content=\"2021-06-17T19:59:15+00:00\" \/>\n<meta name=\"twitter:card\" content=\"summary_large_image\" \/>\n<meta name=\"twitter:site\" content=\"@thegreenplat\" \/>\n<meta name=\"twitter:label1\" content=\"Est. reading time\" \/>\n\t<meta name=\"twitter:data1\" content=\"5 minutes\" \/>\n<script type=\"application\/ld+json\" class=\"yoast-schema-graph\">{\"@context\":\"https:\/\/schema.org\",\"@graph\":[{\"@type\":\"WebPage\",\"@id\":\"https:\/\/greenplat.com\/en\/success-cases-renault\/\",\"url\":\"https:\/\/greenplat.com\/en\/success-cases-renault\/\",\"name\":\"Success Cases: Renault - GreenPlat\u2122\",\"isPartOf\":{\"@id\":\"https:\/\/greenplat.com\/en\/#website\"},\"datePublished\":\"2021-06-17T19:59:06+00:00\",\"dateModified\":\"2021-06-17T19:59:15+00:00\",\"breadcrumb\":{\"@id\":\"https:\/\/greenplat.com\/en\/success-cases-renault\/#breadcrumb\"},\"inLanguage\":\"en-US\",\"potentialAction\":[{\"@type\":\"ReadAction\",\"target\":[\"https:\/\/greenplat.com\/en\/success-cases-renault\/\"]}]},{\"@type\":\"BreadcrumbList\",\"@id\":\"https:\/\/greenplat.com\/en\/success-cases-renault\/#breadcrumb\",\"itemListElement\":[{\"@type\":\"ListItem\",\"position\":1,\"name\":\"In\u00edcio\",\"item\":\"https:\/\/greenplat.com\/en\/\"},{\"@type\":\"ListItem\",\"position\":2,\"name\":\"Success Cases: Renault\"}]},{\"@type\":\"WebSite\",\"@id\":\"https:\/\/greenplat.com\/en\/#website\",\"url\":\"https:\/\/greenplat.com\/en\/\",\"name\":\"GreenPlat\u2122\",\"description\":\"Join the Revolution\",\"publisher\":{\"@id\":\"https:\/\/greenplat.com\/en\/#organization\"},\"potentialAction\":[{\"@type\":\"SearchAction\",\"target\":{\"@type\":\"EntryPoint\",\"urlTemplate\":\"https:\/\/greenplat.com\/en\/?s={search_term_string}\"},\"query-input\":\"required name=search_term_string\"}],\"inLanguage\":\"en-US\"},{\"@type\":\"Organization\",\"@id\":\"https:\/\/greenplat.com\/en\/#organization\",\"name\":\"GreenPlat\",\"url\":\"https:\/\/greenplat.com\/en\/\",\"logo\":{\"@type\":\"ImageObject\",\"inLanguage\":\"en-US\",\"@id\":\"https:\/\/greenplat.com\/en\/#\/schema\/logo\/image\/\",\"url\":\"https:\/\/greenplat.com\/wp-content\/uploads\/2022\/04\/1553102760031.jpg\",\"contentUrl\":\"https:\/\/greenplat.com\/wp-content\/uploads\/2022\/04\/1553102760031.jpg\",\"width\":200,\"height\":200,\"caption\":\"GreenPlat\"},\"image\":{\"@id\":\"https:\/\/greenplat.com\/en\/#\/schema\/logo\/image\/\"},\"sameAs\":[\"https:\/\/pt-br.facebook.com\/GreenPlat\/\",\"https:\/\/x.com\/thegreenplat\",\"https:\/\/www.instagram.com\/greenplat_\/\",\"https:\/\/br.linkedin.com\/company\/greenplat\",\"https:\/\/www.youtube.com\/channel\/UC3QZrDT2iJZs0Xrvf72-XIg\"]}]}<\/script>\n<!-- \/ Yoast SEO plugin. -->","yoast_head_json":{"title":"Success Cases: Renault - GreenPlat\u2122","robots":{"index":"index","follow":"follow","max-snippet":"max-snippet:-1","max-image-preview":"max-image-preview:large","max-video-preview":"max-video-preview:-1"},"canonical":"https:\/\/greenplat.com\/en\/success-cases-renault\/","og_locale":"en_US","og_type":"article","og_title":"Success Cases: Renault - GreenPlat\u2122","og_description":"[vc_row row_height_percent=&#8221;0&#8243; override_padding=&#8221;yes&#8221; h_padding=&#8221;2&#8243; top_padding=&#8221;2&#8243; bottom_padding=&#8221;1&#8243; overlay_alpha=&#8221;50&#8243; equal_height=&#8221;yes&#8221; gutter_size=&#8221;3&#8243; column_width_percent=&#8221;100&#8243; shift_y=&#8221;0&#8243; z_index=&#8221;0&#8243;][vc_column column_width_percent=&#8221;100&#8243; align_horizontal=&#8221;align_center&#8221; gutter_size=&#8221;3&#8243; overlay_alpha=&#8221;50&#8243; shift_x=&#8221;0&#8243; shift_y=&#8221;0&#8243; shift_y_down=&#8221;0&#8243; z_index=&#8221;0&#8243; [&hellip;]","og_url":"https:\/\/greenplat.com\/en\/success-cases-renault\/","og_site_name":"GreenPlat\u2122","article_publisher":"https:\/\/pt-br.facebook.com\/GreenPlat\/","article_modified_time":"2021-06-17T19:59:15+00:00","twitter_card":"summary_large_image","twitter_site":"@thegreenplat","twitter_misc":{"Est. reading time":"5 minutes"},"schema":{"@context":"https:\/\/schema.org","@graph":[{"@type":"WebPage","@id":"https:\/\/greenplat.com\/en\/success-cases-renault\/","url":"https:\/\/greenplat.com\/en\/success-cases-renault\/","name":"Success Cases: Renault - GreenPlat\u2122","isPartOf":{"@id":"https:\/\/greenplat.com\/en\/#website"},"datePublished":"2021-06-17T19:59:06+00:00","dateModified":"2021-06-17T19:59:15+00:00","breadcrumb":{"@id":"https:\/\/greenplat.com\/en\/success-cases-renault\/#breadcrumb"},"inLanguage":"en-US","potentialAction":[{"@type":"ReadAction","target":["https:\/\/greenplat.com\/en\/success-cases-renault\/"]}]},{"@type":"BreadcrumbList","@id":"https:\/\/greenplat.com\/en\/success-cases-renault\/#breadcrumb","itemListElement":[{"@type":"ListItem","position":1,"name":"In\u00edcio","item":"https:\/\/greenplat.com\/en\/"},{"@type":"ListItem","position":2,"name":"Success Cases: Renault"}]},{"@type":"WebSite","@id":"https:\/\/greenplat.com\/en\/#website","url":"https:\/\/greenplat.com\/en\/","name":"GreenPlat\u2122","description":"Join the Revolution","publisher":{"@id":"https:\/\/greenplat.com\/en\/#organization"},"potentialAction":[{"@type":"SearchAction","target":{"@type":"EntryPoint","urlTemplate":"https:\/\/greenplat.com\/en\/?s={search_term_string}"},"query-input":"required name=search_term_string"}],"inLanguage":"en-US"},{"@type":"Organization","@id":"https:\/\/greenplat.com\/en\/#organization","name":"GreenPlat","url":"https:\/\/greenplat.com\/en\/","logo":{"@type":"ImageObject","inLanguage":"en-US","@id":"https:\/\/greenplat.com\/en\/#\/schema\/logo\/image\/","url":"https:\/\/greenplat.com\/wp-content\/uploads\/2022\/04\/1553102760031.jpg","contentUrl":"https:\/\/greenplat.com\/wp-content\/uploads\/2022\/04\/1553102760031.jpg","width":200,"height":200,"caption":"GreenPlat"},"image":{"@id":"https:\/\/greenplat.com\/en\/#\/schema\/logo\/image\/"},"sameAs":["https:\/\/pt-br.facebook.com\/GreenPlat\/","https:\/\/x.com\/thegreenplat","https:\/\/www.instagram.com\/greenplat_\/","https:\/\/br.linkedin.com\/company\/greenplat","https:\/\/www.youtube.com\/channel\/UC3QZrDT2iJZs0Xrvf72-XIg"]}]}},"_links":{"self":[{"href":"https:\/\/greenplat.com\/en\/wp-json\/wp\/v2\/pages\/81858"}],"collection":[{"href":"https:\/\/greenplat.com\/en\/wp-json\/wp\/v2\/pages"}],"about":[{"href":"https:\/\/greenplat.com\/en\/wp-json\/wp\/v2\/types\/page"}],"author":[{"embeddable":true,"href":"https:\/\/greenplat.com\/en\/wp-json\/wp\/v2\/users\/7"}],"replies":[{"embeddable":true,"href":"https:\/\/greenplat.com\/en\/wp-json\/wp\/v2\/comments?post=81858"}],"version-history":[{"count":2,"href":"https:\/\/greenplat.com\/en\/wp-json\/wp\/v2\/pages\/81858\/revisions"}],"predecessor-version":[{"id":81881,"href":"https:\/\/greenplat.com\/en\/wp-json\/wp\/v2\/pages\/81858\/revisions\/81881"}],"wp:attachment":[{"href":"https:\/\/greenplat.com\/en\/wp-json\/wp\/v2\/media?parent=81858"}],"curies":[{"name":"wp","href":"https:\/\/api.w.org\/{rel}","templated":true}]}}