{"id":75587,"date":"2019-09-26T17:06:51","date_gmt":"2019-09-26T20:06:51","guid":{"rendered":"https:\/\/plataformaverde.com.br\/?page_id=75587"},"modified":"2020-06-10T16:12:27","modified_gmt":"2020-06-10T19:12:27","slug":"modulos","status":"publish","type":"page","link":"https:\/\/greenplat.com\/en\/modulos\/","title":{"rendered":"M\u00f3dulos"},"content":{"rendered":"<div class=\"wpb-content-wrapper\"><p>[vc_row][vc_column][vc_row_inner][vc_column_inner width=&#8221;1\/1&#8243;][vc_column_text text_lead=&#8221;yes&#8221;]O software da PlataformaVerde \u00e9 constru\u00eddo em diversos m\u00f3dulos justamente para atender melhor \u00e0s necessidades de diferentes setores e clientes. Seja a sua empresa uma ind\u00fastria, com\u00e9rcio, transportadora, destino final de res\u00edduos, multinacional ou pequena empresa: temos a solu\u00e7\u00e3o perfeita para voc\u00ea. Conhe\u00e7a mais sobre os nossos m\u00f3dulos:[\/vc_column_text][\/vc_column_inner][\/vc_row_inner][vc_row_inner][vc_column_inner width=&#8221;1\/3&#8243;][vc_single_image media=&#8221;75605&#8243; media_width_percent=&#8221;100&#8243;][\/vc_column_inner][vc_column_inner column_width_percent=&#8221;100&#8243; position_vertical=&#8221;middle&#8221; gutter_size=&#8221;3&#8243; overlay_alpha=&#8221;50&#8243; medium_width=&#8221;0&#8243; mobile_width=&#8221;0&#8243; shift_x=&#8221;0&#8243; shift_y=&#8221;0&#8243; shift_y_down=&#8221;0&#8243; z_index=&#8221;0&#8243; width=&#8221;2\/3&#8243;][vc_custom_heading text_height=&#8221;fontheight-357766&#8243; text_space=&#8221;fontspace-781688&#8243; text_font=&#8221;font-329340&#8243; text_weight=&#8221;300&#8243; text_color=&#8221;color-jevc&#8221; separator=&#8221;yes&#8221; separator_color=&#8221;yes&#8221; css_animation=&#8221;alpha-anim&#8221; animation_delay=&#8221;200&#8243;]M\u00d3DULO GERADORES[\/vc_custom_heading][vc_column_text text_lead=&#8221;yes&#8221;]Voltado para todas as empresas geradoras de res\u00edduos, grandes ou pequenas, industriais ou comerciais, focado na gest\u00e3o dos seus res\u00edduos. Entre as funcionalidades, est\u00e3o a emiss\u00e3o do Manifesto de Transporte de Res\u00edduos (MTR) digital atrelado a Nota Fiscal, relat\u00f3rios, pedidos de coleta, rastreabilidade dos pesos, gest\u00e3o de licen\u00e7as e outras funcionalidades.[\/vc_column_text][\/vc_column_inner][\/vc_row_inner][vc_row_inner][vc_column_inner width=&#8221;1\/3&#8243;][vc_single_image media=&#8221;75606&#8243; media_width_percent=&#8221;100&#8243;][\/vc_column_inner][vc_column_inner column_width_percent=&#8221;100&#8243; position_vertical=&#8221;middle&#8221; gutter_size=&#8221;3&#8243; overlay_alpha=&#8221;50&#8243; medium_width=&#8221;0&#8243; mobile_width=&#8221;0&#8243; shift_x=&#8221;0&#8243; shift_y=&#8221;0&#8243; shift_y_down=&#8221;0&#8243; z_index=&#8221;0&#8243; width=&#8221;2\/3&#8243;][vc_custom_heading text_height=&#8221;fontheight-357766&#8243; text_space=&#8221;fontspace-781688&#8243; text_font=&#8221;font-329340&#8243; text_weight=&#8221;300&#8243; text_color=&#8221;color-jevc&#8221; separator=&#8221;yes&#8221; separator_color=&#8221;yes&#8221; css_animation=&#8221;alpha-anim&#8221; animation_delay=&#8221;200&#8243;]M\u00d3DULO GEST\u00c3O INTERNA[\/vc_custom_heading][vc_column_text text_lead=&#8221;yes&#8221;]Esse m\u00f3dulo oferece o controle de processos internos, fornecendo indicadores de efici\u00eancia produtiva e ajudando as empresas a melhorarem seu desempenho financeiro e sustent\u00e1vel. Atrav\u00e9s dele, \u00e9 poss\u00edvel fazer a gest\u00e3o das funcionalidades do m\u00f3dulo Gerador e o cadastro de \u00e1reas internas, equipamentos, ve\u00edculos e funcion\u00e1rios, gest\u00e3o de entrada e sa\u00edda, movimenta\u00e7\u00e3o interna, entre outros.[\/vc_column_text][\/vc_column_inner][\/vc_row_inner][vc_row_inner][vc_column_inner width=&#8221;1\/3&#8243;][vc_single_image media=&#8221;75607&#8243; media_width_percent=&#8221;100&#8243;][\/vc_column_inner][vc_column_inner column_width_percent=&#8221;100&#8243; position_vertical=&#8221;middle&#8221; gutter_size=&#8221;3&#8243; overlay_alpha=&#8221;50&#8243; medium_width=&#8221;0&#8243; mobile_width=&#8221;0&#8243; shift_x=&#8221;0&#8243; shift_y=&#8221;0&#8243; shift_y_down=&#8221;0&#8243; z_index=&#8221;0&#8243; width=&#8221;2\/3&#8243;][vc_custom_heading text_height=&#8221;fontheight-357766&#8243; text_space=&#8221;fontspace-781688&#8243; text_font=&#8221;font-329340&#8243; text_weight=&#8221;300&#8243; text_color=&#8221;color-jevc&#8221; separator=&#8221;yes&#8221; separator_color=&#8221;yes&#8221; css_animation=&#8221;alpha-anim&#8221; animation_delay=&#8221;200&#8243;]M\u00d3DULO MATRIZ FILIAL[\/vc_custom_heading][vc_column_text text_lead=&#8221;yes&#8221;]O ideal para quem precisa de uma gest\u00e3o consolidada com v\u00e1rias filiais. Ele \u00e9 conectado com todos os m\u00f3dulos e suas funcionalidades, trazendo uma vis\u00e3o agregada da matriz e todas filiais da sua empresa de forma globalizada ou individual.[\/vc_column_text][\/vc_column_inner][\/vc_row_inner][vc_row_inner][vc_column_inner width=&#8221;1\/3&#8243;][vc_single_image media=&#8221;75616&#8243; media_width_percent=&#8221;100&#8243;][\/vc_column_inner][vc_column_inner column_width_percent=&#8221;100&#8243; position_vertical=&#8221;middle&#8221; gutter_size=&#8221;3&#8243; overlay_alpha=&#8221;50&#8243; medium_width=&#8221;0&#8243; mobile_width=&#8221;0&#8243; shift_x=&#8221;0&#8243; shift_y=&#8221;0&#8243; shift_y_down=&#8221;0&#8243; z_index=&#8221;0&#8243; width=&#8221;2\/3&#8243;][vc_custom_heading text_height=&#8221;fontheight-357766&#8243; text_space=&#8221;fontspace-781688&#8243; text_font=&#8221;font-329340&#8243; text_weight=&#8221;300&#8243; text_color=&#8221;color-jevc&#8221; separator=&#8221;yes&#8221; separator_color=&#8221;yes&#8221; css_animation=&#8221;alpha-anim&#8221; animation_delay=&#8221;200&#8243;]M\u00d3DULO GERENCIADOR[\/vc_custom_heading][vc_column_text text_lead=&#8221;yes&#8221;]Para quem transporta, gerencia e\/ou trata res\u00edduos, oferecemos: funcionalidades de gest\u00e3o de entradas e sa\u00eddas, relat\u00f3rios, classifica\u00e7\u00e3o material, planejamento log\u00edstico, controle de Notas Fiscais, Fechamentos Gerenciais por cliente, relat\u00f3rios, certificados de destina\u00e7\u00e3o, gest\u00e3o de licen\u00e7as, e mais![\/vc_column_text][\/vc_column_inner][\/vc_row_inner][vc_row_inner][vc_column_inner width=&#8221;1\/3&#8243;][vc_single_image media=&#8221;75623&#8243; media_width_percent=&#8221;100&#8243;][\/vc_column_inner][vc_column_inner column_width_percent=&#8221;100&#8243; position_vertical=&#8221;middle&#8221; gutter_size=&#8221;3&#8243; overlay_alpha=&#8221;50&#8243; medium_width=&#8221;0&#8243; mobile_width=&#8221;0&#8243; shift_x=&#8221;0&#8243; shift_y=&#8221;0&#8243; shift_y_down=&#8221;0&#8243; z_index=&#8221;0&#8243; width=&#8221;2\/3&#8243;][vc_custom_heading text_height=&#8221;fontheight-357766&#8243; text_space=&#8221;fontspace-781688&#8243; text_font=&#8221;font-329340&#8243; text_weight=&#8221;300&#8243; text_color=&#8221;color-jevc&#8221; separator=&#8221;yes&#8221; separator_color=&#8221;yes&#8221; css_animation=&#8221;alpha-anim&#8221; animation_delay=&#8221;200&#8243;]M\u00d3DULO GEST\u00c3O DE FORNECEDORES[\/vc_custom_heading][vc_column_text text_lead=&#8221;yes&#8221;]M\u00f3dulo dispon\u00edvel para empresas (comerciais e industriais) controlarem toda a sua cadeia de suprimentos (produtos, mat\u00e9rias primas e transportes) e de prestadores de servi\u00e7os de res\u00edduos (gerenciadores, transportadores e destinos finais). Este m\u00f3dulo permite a empresas terceiras o acesso ao sistema e inclus\u00e3o de dados que auxiliam a validar pedidos de coleta, informar pesos e tickets de pesagem, controle de cargas e documentos correlatos, al\u00e9m de oferecer assinatura digital ao processo.[\/vc_column_text][\/vc_column_inner][\/vc_row_inner][vc_column_text]<strong>CONCESSION\u00c1RIA URBANA<\/strong>\u00a0\u2013 M\u00f3dulo desenvolvido para a gest\u00e3o de servi\u00e7os p\u00fablicos com controles de ve\u00edculos, bueiros, varri\u00e7\u00e3o, coleta seletiva, coleta de org\u00e2nicos, coleta de res\u00edduos de sa\u00fade, zeladoria urbana, integrando todos os sistemas das concession\u00e1rias de servi\u00e7os de limpeza urbana.<\/p>\n<p>&nbsp;<\/p>\n<p><strong>FISCALIZA\u00c7\u00c3O (CTRE)<\/strong>\u00a0\u2013 M\u00f3dulo p\u00fablico desenvolvido para governos municipais fiscalizarem geradores e transportadores de res\u00edduos, alinhando metas governamentais a legisla\u00e7\u00e3o aplicada.<\/p>\n<p>&nbsp;<\/p>\n<p><strong>E MUITO MAIS \u2026<\/strong><\/p>\n<p>&nbsp;<\/p>\n<p>Atrav\u00e9s de mais de 1.200 features customizadas, \u00e9 poss\u00edvel construir o seu pr\u00f3prio projeto de acordo com as necessidades da sua empresa e do seu segmento, levando a aplica\u00e7\u00e3o do conceito da ind\u00fastria 4.0 muito al\u00e9m do atual horizonte. Veja alguns exemplos:<\/p>\n<p>&nbsp;<\/p>\n<p><strong>SENSORES<\/strong>\u00a0\u2013 Para quem precisa de monitoramento em tempo real do seu processo produtivo, da perda processual ou do controle da gera\u00e7\u00e3o de res\u00edduos, \u00e9 poss\u00edvel ver em tempo real pesagens e enchimento de ca\u00e7ambas, estoques, dep\u00f3sitos, materiais a serem transportados e, com apenas um clique, realizar pedidos de coleta.<\/p>\n<p>&nbsp;<\/p>\n<p><strong>GEST\u00c3O DE DOCUMENTOS<\/strong>\u00a0\u2013 Tenha 1 terabyte de documentos pr\u00f3prios ou compartilhados anexados a qualquer tipo de processo industrial: auditorias, licenciamento, condicionantes ambientais ou processos internos. Isso inclui uma gest\u00e3o autom\u00e1tica de mensagens, prazos, \u00e1reas, responsabilidades e atores.<\/p>\n<p>&nbsp;<\/p>\n<p><strong>SHARE PLACE \u2013\u00a0<\/strong>Promovemos a<strong>\u00a0<\/strong>economia circular e colaborativa intragrupo e intrasetores atrav\u00e9s de um portal. As empresas, filiais e outras do mesmo mercado podem compartilhar servi\u00e7os de transporte e destina\u00e7\u00e3o de res\u00edduos. Ache prestadores de servi\u00e7os para a sua gest\u00e3o de res\u00edduos reduzindo custos log\u00edsticos e de destina\u00e7\u00e3o, e aumentando sua receita de venda.<\/p>\n<p>&nbsp;<\/p>\n<p><strong>LOG\u00cdSTICA REVERSA<\/strong>\u00a0\u2013 Tenha uma ferramenta que lhe permita atingir todas as metas relacionadas aos acordos setoriais e governamentais de log\u00edstica reversa atrav\u00e9s de uma plataforma que efetua o link direto com cooperativas e materiais p\u00f3s-consumo. Defina seu target, seus materiais, sua negocia\u00e7\u00e3o e tenha em suas m\u00e3os as\u00a0comprova\u00e7\u00f5es\u00a0legais,\u00a0criptografadas, \u00fanicas e\u00a0intransfer\u00edveis dos\u00a0volumes de materiais inerentes ao seu acordo.<\/p>\n<p>&nbsp;<\/p>\n<p>Al\u00e9m disso, temos muitas funcionalidades e integra\u00e7\u00f5es que ajudar\u00e3o a sua empresa a alcan\u00e7ar os objetivos de uma produ\u00e7\u00e3o e com\u00e9rcio mais sustent\u00e1vel.<\/p>\n<p>&nbsp;<\/p>\n<p>Entre em contato com o\u00a0<a href=\"mailto:comercial@plataformaverde.com.br\">comercial@plataformaverde.com.br<\/a>\u00a0para entender qual \u00e9 o melhor m\u00f3dulo para voc\u00ea.[\/vc_column_text][\/vc_column][\/vc_row]<\/p>\n<\/div>","protected":false},"excerpt":{"rendered":"<p>[vc_row][vc_column][vc_row_inner][vc_column_inner width=&#8221;1\/1&#8243;][vc_column_text text_lead=&#8221;yes&#8221;]O software da PlataformaVerde \u00e9 constru\u00eddo em diversos m\u00f3dulos justamente para atender melhor \u00e0s necessidades de diferentes setores [&hellip;]<\/p>\n","protected":false},"author":1,"featured_media":75595,"parent":0,"menu_order":0,"comment_status":"closed","ping_status":"closed","template":"","meta":{"footnotes":""},"yoast_head":"<!-- This site is optimized with the Yoast SEO plugin v23.0 - https:\/\/yoast.com\/wordpress\/plugins\/seo\/ -->\n<title>M\u00f3dulos - GreenPlat\u2122<\/title>\n<meta name=\"robots\" content=\"index, follow, max-snippet:-1, max-image-preview:large, max-video-preview:-1\" \/>\n<link rel=\"canonical\" href=\"https:\/\/greenplat.com\/en\/modulos\/\" \/>\n<meta property=\"og:locale\" content=\"en_US\" \/>\n<meta property=\"og:type\" content=\"article\" \/>\n<meta property=\"og:title\" content=\"M\u00f3dulos - GreenPlat\u2122\" \/>\n<meta property=\"og:description\" content=\"[vc_row][vc_column][vc_row_inner][vc_column_inner width=&#8221;1\/1&#8243;][vc_column_text text_lead=&#8221;yes&#8221;]O software da PlataformaVerde \u00e9 constru\u00eddo em diversos m\u00f3dulos justamente para atender melhor \u00e0s necessidades de diferentes setores [&hellip;]\" \/>\n<meta property=\"og:url\" content=\"https:\/\/greenplat.com\/en\/modulos\/\" \/>\n<meta property=\"og:site_name\" content=\"GreenPlat\u2122\" \/>\n<meta property=\"article:publisher\" content=\"https:\/\/pt-br.facebook.com\/GreenPlat\/\" \/>\n<meta property=\"article:modified_time\" content=\"2020-06-10T19:12:27+00:00\" \/>\n<meta property=\"og:image\" content=\"https:\/\/greenplat.com\/wp-content\/uploads\/2019\/10\/banner_modulos-1024x576.png\" \/>\n\t<meta property=\"og:image:width\" content=\"1024\" \/>\n\t<meta property=\"og:image:height\" content=\"576\" \/>\n\t<meta property=\"og:image:type\" content=\"image\/png\" \/>\n<meta name=\"twitter:card\" content=\"summary_large_image\" \/>\n<meta name=\"twitter:site\" content=\"@thegreenplat\" \/>\n<meta name=\"twitter:label1\" content=\"Est. reading time\" \/>\n\t<meta name=\"twitter:data1\" content=\"6 minutes\" \/>\n<script type=\"application\/ld+json\" class=\"yoast-schema-graph\">{\"@context\":\"https:\/\/schema.org\",\"@graph\":[{\"@type\":\"WebPage\",\"@id\":\"https:\/\/greenplat.com\/en\/modulos\/\",\"url\":\"https:\/\/greenplat.com\/en\/modulos\/\",\"name\":\"M\u00f3dulos - GreenPlat\u2122\",\"isPartOf\":{\"@id\":\"https:\/\/greenplat.com\/en\/#website\"},\"primaryImageOfPage\":{\"@id\":\"https:\/\/greenplat.com\/en\/modulos\/#primaryimage\"},\"image\":{\"@id\":\"https:\/\/greenplat.com\/en\/modulos\/#primaryimage\"},\"thumbnailUrl\":\"https:\/\/greenplat.com\/wp-content\/uploads\/2019\/10\/banner_modulos.png\",\"datePublished\":\"2019-09-26T20:06:51+00:00\",\"dateModified\":\"2020-06-10T19:12:27+00:00\",\"breadcrumb\":{\"@id\":\"https:\/\/greenplat.com\/en\/modulos\/#breadcrumb\"},\"inLanguage\":\"en-US\",\"potentialAction\":[{\"@type\":\"ReadAction\",\"target\":[\"https:\/\/greenplat.com\/en\/modulos\/\"]}]},{\"@type\":\"ImageObject\",\"inLanguage\":\"en-US\",\"@id\":\"https:\/\/greenplat.com\/en\/modulos\/#primaryimage\",\"url\":\"https:\/\/greenplat.com\/wp-content\/uploads\/2019\/10\/banner_modulos.png\",\"contentUrl\":\"https:\/\/greenplat.com\/wp-content\/uploads\/2019\/10\/banner_modulos.png\",\"width\":1920,\"height\":1080},{\"@type\":\"BreadcrumbList\",\"@id\":\"https:\/\/greenplat.com\/en\/modulos\/#breadcrumb\",\"itemListElement\":[{\"@type\":\"ListItem\",\"position\":1,\"name\":\"In\u00edcio\",\"item\":\"https:\/\/greenplat.com\/en\/\"},{\"@type\":\"ListItem\",\"position\":2,\"name\":\"M\u00f3dulos\"}]},{\"@type\":\"WebSite\",\"@id\":\"https:\/\/greenplat.com\/en\/#website\",\"url\":\"https:\/\/greenplat.com\/en\/\",\"name\":\"GreenPlat\u2122\",\"description\":\"Join the Revolution\",\"publisher\":{\"@id\":\"https:\/\/greenplat.com\/en\/#organization\"},\"potentialAction\":[{\"@type\":\"SearchAction\",\"target\":{\"@type\":\"EntryPoint\",\"urlTemplate\":\"https:\/\/greenplat.com\/en\/?s={search_term_string}\"},\"query-input\":\"required name=search_term_string\"}],\"inLanguage\":\"en-US\"},{\"@type\":\"Organization\",\"@id\":\"https:\/\/greenplat.com\/en\/#organization\",\"name\":\"GreenPlat\",\"url\":\"https:\/\/greenplat.com\/en\/\",\"logo\":{\"@type\":\"ImageObject\",\"inLanguage\":\"en-US\",\"@id\":\"https:\/\/greenplat.com\/en\/#\/schema\/logo\/image\/\",\"url\":\"https:\/\/greenplat.com\/wp-content\/uploads\/2022\/04\/1553102760031.jpg\",\"contentUrl\":\"https:\/\/greenplat.com\/wp-content\/uploads\/2022\/04\/1553102760031.jpg\",\"width\":200,\"height\":200,\"caption\":\"GreenPlat\"},\"image\":{\"@id\":\"https:\/\/greenplat.com\/en\/#\/schema\/logo\/image\/\"},\"sameAs\":[\"https:\/\/pt-br.facebook.com\/GreenPlat\/\",\"https:\/\/x.com\/thegreenplat\",\"https:\/\/www.instagram.com\/greenplat_\/\",\"https:\/\/br.linkedin.com\/company\/greenplat\",\"https:\/\/www.youtube.com\/channel\/UC3QZrDT2iJZs0Xrvf72-XIg\"]}]}<\/script>\n<!-- \/ Yoast SEO plugin. -->","yoast_head_json":{"title":"M\u00f3dulos - GreenPlat\u2122","robots":{"index":"index","follow":"follow","max-snippet":"max-snippet:-1","max-image-preview":"max-image-preview:large","max-video-preview":"max-video-preview:-1"},"canonical":"https:\/\/greenplat.com\/en\/modulos\/","og_locale":"en_US","og_type":"article","og_title":"M\u00f3dulos - GreenPlat\u2122","og_description":"[vc_row][vc_column][vc_row_inner][vc_column_inner width=&#8221;1\/1&#8243;][vc_column_text text_lead=&#8221;yes&#8221;]O software da PlataformaVerde \u00e9 constru\u00eddo em diversos m\u00f3dulos justamente para atender melhor \u00e0s necessidades de diferentes setores [&hellip;]","og_url":"https:\/\/greenplat.com\/en\/modulos\/","og_site_name":"GreenPlat\u2122","article_publisher":"https:\/\/pt-br.facebook.com\/GreenPlat\/","article_modified_time":"2020-06-10T19:12:27+00:00","og_image":[{"width":1024,"height":576,"url":"https:\/\/greenplat.com\/wp-content\/uploads\/2019\/10\/banner_modulos-1024x576.png","type":"image\/png"}],"twitter_card":"summary_large_image","twitter_site":"@thegreenplat","twitter_misc":{"Est. reading time":"6 minutes"},"schema":{"@context":"https:\/\/schema.org","@graph":[{"@type":"WebPage","@id":"https:\/\/greenplat.com\/en\/modulos\/","url":"https:\/\/greenplat.com\/en\/modulos\/","name":"M\u00f3dulos - GreenPlat\u2122","isPartOf":{"@id":"https:\/\/greenplat.com\/en\/#website"},"primaryImageOfPage":{"@id":"https:\/\/greenplat.com\/en\/modulos\/#primaryimage"},"image":{"@id":"https:\/\/greenplat.com\/en\/modulos\/#primaryimage"},"thumbnailUrl":"https:\/\/greenplat.com\/wp-content\/uploads\/2019\/10\/banner_modulos.png","datePublished":"2019-09-26T20:06:51+00:00","dateModified":"2020-06-10T19:12:27+00:00","breadcrumb":{"@id":"https:\/\/greenplat.com\/en\/modulos\/#breadcrumb"},"inLanguage":"en-US","potentialAction":[{"@type":"ReadAction","target":["https:\/\/greenplat.com\/en\/modulos\/"]}]},{"@type":"ImageObject","inLanguage":"en-US","@id":"https:\/\/greenplat.com\/en\/modulos\/#primaryimage","url":"https:\/\/greenplat.com\/wp-content\/uploads\/2019\/10\/banner_modulos.png","contentUrl":"https:\/\/greenplat.com\/wp-content\/uploads\/2019\/10\/banner_modulos.png","width":1920,"height":1080},{"@type":"BreadcrumbList","@id":"https:\/\/greenplat.com\/en\/modulos\/#breadcrumb","itemListElement":[{"@type":"ListItem","position":1,"name":"In\u00edcio","item":"https:\/\/greenplat.com\/en\/"},{"@type":"ListItem","position":2,"name":"M\u00f3dulos"}]},{"@type":"WebSite","@id":"https:\/\/greenplat.com\/en\/#website","url":"https:\/\/greenplat.com\/en\/","name":"GreenPlat\u2122","description":"Join the Revolution","publisher":{"@id":"https:\/\/greenplat.com\/en\/#organization"},"potentialAction":[{"@type":"SearchAction","target":{"@type":"EntryPoint","urlTemplate":"https:\/\/greenplat.com\/en\/?s={search_term_string}"},"query-input":"required name=search_term_string"}],"inLanguage":"en-US"},{"@type":"Organization","@id":"https:\/\/greenplat.com\/en\/#organization","name":"GreenPlat","url":"https:\/\/greenplat.com\/en\/","logo":{"@type":"ImageObject","inLanguage":"en-US","@id":"https:\/\/greenplat.com\/en\/#\/schema\/logo\/image\/","url":"https:\/\/greenplat.com\/wp-content\/uploads\/2022\/04\/1553102760031.jpg","contentUrl":"https:\/\/greenplat.com\/wp-content\/uploads\/2022\/04\/1553102760031.jpg","width":200,"height":200,"caption":"GreenPlat"},"image":{"@id":"https:\/\/greenplat.com\/en\/#\/schema\/logo\/image\/"},"sameAs":["https:\/\/pt-br.facebook.com\/GreenPlat\/","https:\/\/x.com\/thegreenplat","https:\/\/www.instagram.com\/greenplat_\/","https:\/\/br.linkedin.com\/company\/greenplat","https:\/\/www.youtube.com\/channel\/UC3QZrDT2iJZs0Xrvf72-XIg"]}]}},"_links":{"self":[{"href":"https:\/\/greenplat.com\/en\/wp-json\/wp\/v2\/pages\/75587"}],"collection":[{"href":"https:\/\/greenplat.com\/en\/wp-json\/wp\/v2\/pages"}],"about":[{"href":"https:\/\/greenplat.com\/en\/wp-json\/wp\/v2\/types\/page"}],"author":[{"embeddable":true,"href":"https:\/\/greenplat.com\/en\/wp-json\/wp\/v2\/users\/1"}],"replies":[{"embeddable":true,"href":"https:\/\/greenplat.com\/en\/wp-json\/wp\/v2\/comments?post=75587"}],"version-history":[{"count":14,"href":"https:\/\/greenplat.com\/en\/wp-json\/wp\/v2\/pages\/75587\/revisions"}],"predecessor-version":[{"id":75625,"href":"https:\/\/greenplat.com\/en\/wp-json\/wp\/v2\/pages\/75587\/revisions\/75625"}],"wp:featuredmedia":[{"embeddable":true,"href":"https:\/\/greenplat.com\/en\/wp-json\/wp\/v2\/media\/75595"}],"wp:attachment":[{"href":"https:\/\/greenplat.com\/en\/wp-json\/wp\/v2\/media?parent=75587"}],"curies":[{"name":"wp","href":"https:\/\/api.w.org\/{rel}","templated":true}]}}